{"id":3739,"date":"2023-01-25T09:55:04","date_gmt":"2023-01-25T08:55:04","guid":{"rendered":"https:\/\/pipol11.pipolcongres.eu\/contribution-au-blog\/"},"modified":"2023-03-29T22:46:41","modified_gmt":"2023-03-29T20:46:41","slug":"contribuire-al-blog","status":"publish","type":"page","link":"https:\/\/pipol11.pipolcongres.eu\/it\/contribuire-al-blog\/","title":{"rendered":"Contribuire al Blog"},"content":{"rendered":"<div class=\"pf-content\"><h2 style=\"text-align: center;\"><strong>Rubriche e linee guida per i testi<\/strong><\/h2>\n<p>I testi\u00a0possono essere inviati fino al 1\u00b0 maggio al seguente indirizzo : <a href=\"mailto:nobodaddy@pipol11.eu\">nobodaddy@pipol11.eu<\/a>, con oggetto NOBODADDY + Nome dell&#8217;autore \u2013 in formato\u00a0<em>Word<\/em>,\u00a0\u00a0<em>Times New Roman 12<\/em>, 3500 caratteri massimo (spazi e note compresi) e con, indicato sotto al titolo, il nome della rubrica e l&#8217;indirizzo mail dell&#8217;autore.<\/p>\n<p>&nbsp;<\/p>\n<ol>\n<li><strong>Le malattie del padre <\/strong><\/li>\n<\/ol>\n<p><em>Il padre, per struttura, non d\u00e0 accesso a nessuna normalit\u00e0. Quindi ci sono \u00ab\u00a0le malattie del padre\u00a0\u00bb\u00a0: quelle prodotte dall\u2019Edipo e quelle che escludono il Nome-del-Padre.<br \/>\n<\/em><em>Questa rubrica si interesser\u00e0 a reperire in quale modo il padre fa sempre sintomo, al di qua o al di l\u00e0 del tema del patriarcato che oggi ritorna con forza.<\/em><\/p>\n<p><em>\u00a0<\/em><strong><em>Parole chiave\u00a0:<\/em><\/strong><\/p>\n<p>La carenza del padre, per struttura (il padre sintomo)<br \/>\nDove sono finite le isteriche ? Dove sono finiti gli isterici ?<br \/>\nFobie, ossessioni<br \/>\nFuori padre, il rigetto, la forclusione, la psicosi<\/p>\n<p>&nbsp;<\/p>\n<ol start=\"2\">\n<li><strong>I peccati del padre <\/strong><\/li>\n<\/ol>\n<p><em>Dal padre<\/em><em> al peggio. Q<\/em><em>uesta rubrica esaminer\u00e0 il rovescio della figura del padre pacificatore\u00a0: il padre incestuoso che trasgredisce la legge fondamentale su cui si basa l\u2019umanit\u00e0, il predatore, il pedofilo, il molestatore, il maschilismo e il suo discorso carico di odio verso le donne, ecc. <\/em><\/p>\n<p><strong><em>Parole chiave\u00a0: <\/em><\/strong><\/p>\n<p>Padri tossici (abusante, predatore, impostore, molestatore\u2026)<br \/>\nPerversione<br \/>\nMaschilismo, femminicidi<\/p>\n<p>&nbsp;<\/p>\n<ol start=\"3\">\n<li><strong>Farne a meno, servirsene<\/strong><\/li>\n<\/ol>\n<p><em>Uscire dal dominio del padre non vuol dire farne a meno. Al tempo della consumata decadenza <\/em><em>della figura paterna servono sempre pi\u00f9 invenzioni su misura per negativizzare, localizzare, nominare il godimento sempre in eccesso. <\/em><em>Il Nome-del-Padre si pluralizza, il sinthomo pu\u00f2 farne le veci. Che cosa significa essere un uomo si pu\u00f2 declinare in pi\u00f9 varianti che dovranno essere esplorate.<\/em><\/p>\n<p><strong><em>Parole chiave\u00a0: <\/em><\/strong><\/p>\n<p>La funzione civilizzatrice del padre<br \/>\nPater-versamente orientato \u2013 \u00ab\u00a0p\u00e8re\u2013\u00e9pate (padre-sorpresa)\u00bb o \u00ab\u00a0\u00e9-pater\u00a0(sbalordire)<a href=\"#_ftn1\" name=\"_ftnref1\">[1]<\/a>\u00bb &#8211; virilit\u00e0 (come essere<br \/>\nun uomo ?)<br \/>\nPluralizzazione dei Nomi-del-Padre\/soluzioni <em>sinthomatiche<br \/>\n<\/em>Depatologizzazione della clinica<\/p>\n<p>&nbsp;<\/p>\n<ol start=\"4\">\n<li><strong>Discorsi <em>Woke<\/em><\/strong><\/li>\n<\/ol>\n<p><em>Oggi nell\u2019ideologia <\/em>woke<em> confluiscono forze differenti che lottano contro il patriarcato. L\u2019evaporazione del padre produce tanti significanti identitari che fanno comunit\u00e0 e tentano di imporsi provocando l\u2019esclusione. L\u2019indagine delle istanze di questi discorsi costituir\u00e0 il <\/em>fil rouge<em> di questa rubrica di scottante attualit\u00e0.<\/em><\/p>\n<p><strong><em>Parole chiave\u00a0:<\/em><\/strong><\/p>\n<p>Evaporazione del padre \u2013 uguaglianza, inclusione, esclusione, segregazione<br \/>\nIdentit\u00e0 oppresse, comunitarismi<br \/>\nFemminismi (fra cui l\u2019ecofemminismo)<br \/>\nLotte ideologiche \u2013 intersezionalit\u00e0<br \/>\nDerive settarie<\/p>\n<p>&nbsp;<\/p>\n<ol start=\"5\">\n<li><strong>Autoritarismi <\/strong><\/li>\n<\/ol>\n<p><em>Le reazioni al declino dell\u2019ordine patriarcale non mancano. Talvolta colpiscono per la loro ferocia. D\u2019altra parte, l\u2019emergere di dirigenti populisti dall\u2019<\/em>allure<em> patriarcale mette in pericolo le democrazie. Inoltre, i discorsi religiosi tendono a radicalizzarsi, rimettendo in causa i diritti acquisiti dopo lunghe lotte, come il diritto all\u2019aborto, sottomettendo le donne a un ordine di ferro.<\/em><\/p>\n<p><strong><em>Parole chiave\u00a0: <\/em><\/strong><\/p>\n<p>Discorso del padrone, gerarchia<br \/>\nAutocrazia, tirannia, dominazione, sfruttamento\/vittime<br \/>\nPopulismo, padre-patria<br \/>\nRadicalizzazione dei discorsi religiosi<\/p>\n<p>&nbsp;<\/p>\n<ol start=\"6\">\n<li><strong>Famiglie reinventate <\/strong><\/li>\n<\/ol>\n<p><em>Oggi l\u2019ordine familiare forgiato dalla tradizione patriarcale \u00e8 completamente rimesso in questione. Le famiglie si reinventano, le questioni sul genere aprono a nuovi orizzonti affettivi, a nuove genitorialit\u00e0\u00a0: indagarle permetter\u00e0 di prendere tutta la misura degli effetti dei discorsi contemporanei che vogliono attivamente smontare il <\/em>pater familias<em>.<\/em><\/p>\n<p><strong><em>Parole chiave\u00a0: <\/em><\/strong><\/p>\n<p>Filiazione\/trasmissione<br \/>\nPer concludere con il modello patriarcale tradizionale\u00a0: il matrimonio per tutti, diversit\u00e0 delle organizzazioni familiari <em>queer<\/em>, nuove genitorialit\u00e0 (cogenitorialit\u00e0, relazione a tre, ecc.)<\/p>\n<p>&nbsp;<\/p>\n<p style=\"text-align: right;\">Traduzione: Marianna Matteoni<br \/>\nRevisione: Elena Madera<\/p>\n<p><a href=\"#_ftnref1\" name=\"_ftn1\">[1]<\/a> Gioco di parole tra il termine latino <em>pater<\/em>, padre, e il verbo <em>\u00e9pater<\/em>, sbalordire, fare colpo. [Nota tratta da J. Lacan, <em>Il Seminario. Libro XIX\u2026 o peggio<\/em> (1971-1972), Einaudi, Torino 2020, p. 204]<\/p>\n<\/div>","protected":false},"excerpt":{"rendered":"<p>Rubriche e linee guida per i testi I testi\u00a0possono essere inviati fino al 1\u00b0 maggio al seguente indirizzo : nobodaddy@pipol11.eu, con oggetto NOBODADDY + Nome dell&#8217;autore \u2013 in formato\u00a0Word,\u00a0\u00a0Times New Roman 12, 3500 caratteri massimo (spazi e note compresi) e con, indicato sotto al titolo, il nome della rubrica e l&#8217;indirizzo mail dell&#8217;autore. &nbsp; Le [&hellip;]<\/p>\n","protected":false},"author":3,"featured_media":0,"parent":0,"menu_order":0,"comment_status":"closed","ping_status":"closed","template":"","meta":{"spay_email":""},"yoast_head":"<!-- This site is optimized with the Yoast SEO plugin v15.5 - https:\/\/yoast.com\/wordpress\/plugins\/seo\/ -->\n<title>Contribuire al Blog - Pipol11<\/title>\n<meta name=\"robots\" content=\"index, follow, max-snippet:-1, max-image-preview:large, max-video-preview:-1\" \/>\n<link rel=\"canonical\" href=\"https:\/\/pipol11.pipolcongres.eu\/it\/contribuire-al-blog\/\" \/>\n<meta property=\"og:locale\" content=\"it_IT\" \/>\n<meta property=\"og:type\" content=\"article\" \/>\n<meta property=\"og:title\" content=\"Contribuire al Blog - Pipol11\" \/>\n<meta property=\"og:description\" content=\"Rubriche e linee guida per i testi I testi\u00a0possono essere inviati fino al 1\u00b0 maggio al seguente indirizzo : nobodaddy@pipol11.eu, con oggetto NOBODADDY + Nome dell&#8217;autore \u2013 in formato\u00a0Word,\u00a0\u00a0Times New Roman 12, 3500 caratteri massimo (spazi e note compresi) e con, indicato sotto al titolo, il nome della rubrica e l&#8217;indirizzo mail dell&#8217;autore. &nbsp; Le [&hellip;]\" \/>\n<meta property=\"og:url\" content=\"https:\/\/pipol11.pipolcongres.eu\/it\/contribuire-al-blog\/\" \/>\n<meta property=\"og:site_name\" content=\"Pipol11\" \/>\n<meta property=\"article:modified_time\" content=\"2023-03-29T20:46:41+00:00\" \/>\n<meta name=\"twitter:card\" content=\"summary_large_image\" \/>\n<meta name=\"twitter:label1\" content=\"Tempo di lettura stimato\">\n\t<meta name=\"twitter:data1\" content=\"2 minuti\">\n<script type=\"application\/ld+json\" class=\"yoast-schema-graph\">{\"@context\":\"https:\/\/schema.org\",\"@graph\":[{\"@type\":\"WebSite\",\"@id\":\"https:\/\/pipol11.pipolcongres.eu\/#website\",\"url\":\"https:\/\/pipol11.pipolcongres.eu\/\",\"name\":\"Pipol11\",\"description\":\"\",\"potentialAction\":[{\"@type\":\"SearchAction\",\"target\":\"https:\/\/pipol11.pipolcongres.eu\/?s={search_term_string}\",\"query-input\":\"required name=search_term_string\"}],\"inLanguage\":\"it-IT\"},{\"@type\":\"WebPage\",\"@id\":\"https:\/\/pipol11.pipolcongres.eu\/it\/contribuire-al-blog\/#webpage\",\"url\":\"https:\/\/pipol11.pipolcongres.eu\/it\/contribuire-al-blog\/\",\"name\":\"Contribuire al Blog - Pipol11\",\"isPartOf\":{\"@id\":\"https:\/\/pipol11.pipolcongres.eu\/#website\"},\"datePublished\":\"2023-01-25T08:55:04+00:00\",\"dateModified\":\"2023-03-29T20:46:41+00:00\",\"inLanguage\":\"it-IT\",\"potentialAction\":[{\"@type\":\"ReadAction\",\"target\":[\"https:\/\/pipol11.pipolcongres.eu\/it\/contribuire-al-blog\/\"]}]}]}<\/script>\n<!-- \/ Yoast SEO plugin. -->","amp_validity":null,"amp_enabled":true,"_links":{"self":[{"href":"https:\/\/pipol11.pipolcongres.eu\/it\/wp-json\/wp\/v2\/pages\/3739"}],"collection":[{"href":"https:\/\/pipol11.pipolcongres.eu\/it\/wp-json\/wp\/v2\/pages"}],"about":[{"href":"https:\/\/pipol11.pipolcongres.eu\/it\/wp-json\/wp\/v2\/types\/page"}],"author":[{"embeddable":true,"href":"https:\/\/pipol11.pipolcongres.eu\/it\/wp-json\/wp\/v2\/users\/3"}],"replies":[{"embeddable":true,"href":"https:\/\/pipol11.pipolcongres.eu\/it\/wp-json\/wp\/v2\/comments?post=3739"}],"version-history":[{"count":0,"href":"https:\/\/pipol11.pipolcongres.eu\/it\/wp-json\/wp\/v2\/pages\/3739\/revisions"}],"wp:attachment":[{"href":"https:\/\/pipol11.pipolcongres.eu\/it\/wp-json\/wp\/v2\/media?parent=3739"}],"curies":[{"name":"wp","href":"https:\/\/api.w.org\/{rel}","templated":true}]}}