{"id":776,"date":"2021-01-26T17:22:38","date_gmt":"2021-01-26T16:22:38","guid":{"rendered":"https:\/\/pipol11.pipolcongres.eu\/chaine-youtube\/"},"modified":"2023-01-27T08:36:40","modified_gmt":"2023-01-27T07:36:40","slug":"canale-youtube","status":"publish","type":"page","link":"https:\/\/pipol11.pipolcongres.eu\/it\/canale-youtube\/","title":{"rendered":"Canale YouTube"},"content":{"rendered":"<div class=\"pf-content\"><div class=\"jeg_video_container jeg_video_content\"><iframe title=\"Guy Poblome - Directeur de Pipol 11, Congr\u00e8s de l&#039;EuroF\u00e9d\u00e9ration de psychanalyse \ud83c\uddeb\ud83c\uddf7 \ud83c\uddea\ud83c\uddf8\" width=\"500\" height=\"281\" src=\"https:\/\/www.youtube.com\/embed\/OnZbPgr32Ro?feature=oembed\" frameborder=\"0\" allow=\"accelerometer; autoplay; clipboard-write; encrypted-media; gyroscope; picture-in-picture; web-share\" allowfullscreen><\/iframe><\/div>\n<\/div>","protected":false},"excerpt":{"rendered":"","protected":false},"author":3,"featured_media":0,"parent":0,"menu_order":0,"comment_status":"closed","ping_status":"closed","template":"","meta":{"spay_email":""},"yoast_head":"<!-- This site is optimized with the Yoast SEO plugin v15.5 - https:\/\/yoast.com\/wordpress\/plugins\/seo\/ -->\n<title>Canale YouTube - Pipol11<\/title>\n<meta name=\"robots\" content=\"index, follow, max-snippet:-1, max-image-preview:large, max-video-preview:-1\" \/>\n<link rel=\"canonical\" href=\"https:\/\/pipol11.pipolcongres.eu\/it\/canale-youtube\/\" \/>\n<meta property=\"og:locale\" content=\"it_IT\" \/>\n<meta property=\"og:type\" content=\"article\" \/>\n<meta property=\"og:title\" content=\"Canale YouTube - Pipol11\" \/>\n<meta property=\"og:url\" content=\"https:\/\/pipol11.pipolcongres.eu\/it\/canale-youtube\/\" \/>\n<meta property=\"og:site_name\" content=\"Pipol11\" \/>\n<meta property=\"article:modified_time\" content=\"2023-01-27T07:36:40+00:00\" \/>\n<meta name=\"twitter:card\" content=\"summary_large_image\" \/>\n<meta name=\"twitter:label1\" content=\"Tempo di lettura stimato\">\n\t<meta name=\"twitter:data1\" content=\"0 minuti\">\n<script type=\"application\/ld+json\" class=\"yoast-schema-graph\">{\"@context\":\"https:\/\/schema.org\",\"@graph\":[{\"@type\":\"WebSite\",\"@id\":\"https:\/\/pipol11.pipolcongres.eu\/#website\",\"url\":\"https:\/\/pipol11.pipolcongres.eu\/\",\"name\":\"Pipol11\",\"description\":\"\",\"potentialAction\":[{\"@type\":\"SearchAction\",\"target\":\"https:\/\/pipol11.pipolcongres.eu\/?s={search_term_string}\",\"query-input\":\"required name=search_term_string\"}],\"inLanguage\":\"it-IT\"},{\"@type\":\"WebPage\",\"@id\":\"https:\/\/pipol11.pipolcongres.eu\/it\/canale-youtube\/#webpage\",\"url\":\"https:\/\/pipol11.pipolcongres.eu\/it\/canale-youtube\/\",\"name\":\"Canale YouTube - Pipol11\",\"isPartOf\":{\"@id\":\"https:\/\/pipol11.pipolcongres.eu\/#website\"},\"datePublished\":\"2021-01-26T16:22:38+00:00\",\"dateModified\":\"2023-01-27T07:36:40+00:00\",\"inLanguage\":\"it-IT\",\"potentialAction\":[{\"@type\":\"ReadAction\",\"target\":[\"https:\/\/pipol11.pipolcongres.eu\/it\/canale-youtube\/\"]}]}]}<\/script>\n<!-- \/ Yoast SEO plugin. -->","amp_validity":null,"amp_enabled":true,"_links":{"self":[{"href":"https:\/\/pipol11.pipolcongres.eu\/it\/wp-json\/wp\/v2\/pages\/776"}],"collection":[{"href":"https:\/\/pipol11.pipolcongres.eu\/it\/wp-json\/wp\/v2\/pages"}],"about":[{"href":"https:\/\/pipol11.pipolcongres.eu\/it\/wp-json\/wp\/v2\/types\/page"}],"author":[{"embeddable":true,"href":"https:\/\/pipol11.pipolcongres.eu\/it\/wp-json\/wp\/v2\/users\/3"}],"replies":[{"embeddable":true,"href":"https:\/\/pipol11.pipolcongres.eu\/it\/wp-json\/wp\/v2\/comments?post=776"}],"version-history":[{"count":0,"href":"https:\/\/pipol11.pipolcongres.eu\/it\/wp-json\/wp\/v2\/pages\/776\/revisions"}],"wp:attachment":[{"href":"https:\/\/pipol11.pipolcongres.eu\/it\/wp-json\/wp\/v2\/media?parent=776"}],"curies":[{"name":"wp","href":"https:\/\/api.w.org\/{rel}","templated":true}]}}